{"id":655,"date":"2023-03-21T02:01:59","date_gmt":"2023-03-21T01:01:59","guid":{"rendered":"https:\/\/09400.es\/?page_id=655"},"modified":"2026-03-08T23:47:39","modified_gmt":"2026-03-08T22:47:39","slug":"contacto","status":"publish","type":"page","link":"https:\/\/09400.es\/?page_id=655","title":{"rendered":"Contacto"},"content":{"rendered":"\t\t<div data-elementor-type=\"wp-page\" data-elementor-id=\"655\" class=\"elementor elementor-655\">\n\t\t\t\t\t\t<section class=\"elementor-section elementor-top-section elementor-element elementor-element-04da4ab elementor-section-boxed elementor-section-height-default elementor-section-height-default\" data-id=\"04da4ab\" data-element_type=\"section\" data-e-type=\"section\">\n\t\t\t\t\t\t<div class=\"elementor-container elementor-column-gap-default\">\n\t\t\t\t\t<div class=\"elementor-column elementor-col-100 elementor-top-column elementor-element elementor-element-4d0ebb2\" data-id=\"4d0ebb2\" data-element_type=\"column\" data-e-type=\"column\">\n\t\t\t<div class=\"elementor-widget-wrap elementor-element-populated\">\n\t\t\t\t\t\t<div class=\"elementor-element elementor-element-e3493ff elementor-widget elementor-widget-heading\" data-id=\"e3493ff\" data-element_type=\"widget\" data-e-type=\"widget\" data-widget_type=\"heading.default\">\n\t\t\t\t<div class=\"elementor-widget-container\">\n\t\t\t\t\t<h2 class=\"elementor-heading-title elementor-size-default\">P\u00e1gina de contacto<\/h2>\t\t\t\t<\/div>\n\t\t\t\t<\/div>\n\t\t\t\t\t<\/div>\n\t\t<\/div>\n\t\t\t\t\t<\/div>\n\t\t<\/section>\n\t\t\t\t<section class=\"elementor-section elementor-top-section elementor-element elementor-element-4ddc0d3 elementor-section-boxed elementor-section-height-default elementor-section-height-default\" data-id=\"4ddc0d3\" data-element_type=\"section\" data-e-type=\"section\">\n\t\t\t\t\t\t<div class=\"elementor-container elementor-column-gap-default\">\n\t\t\t\t\t<div class=\"elementor-column elementor-col-50 elementor-top-column elementor-element elementor-element-77e1d97\" data-id=\"77e1d97\" data-element_type=\"column\" data-e-type=\"column\">\n\t\t\t<div class=\"elementor-widget-wrap elementor-element-populated\">\n\t\t\t\t\t\t<div class=\"elementor-element elementor-element-afa56c4 elementor-widget elementor-widget-text-editor\" data-id=\"afa56c4\" data-element_type=\"widget\" data-e-type=\"widget\" data-widget_type=\"text-editor.default\">\n\t\t\t\t<div class=\"elementor-widget-container\">\n\t\t\t\t\t\t\t\t\t<p>Puedes enviarme al correo electr\u00f3nico:<\/p>\n<p><a href=\"mailto:bernardo@blopezabogado.es\">bernardo@blopezabogado.es<\/a><\/p>\n<p>Todas las observaciones que te sugieren los libros, as\u00ed como cr\u00edticas, materiales o publicaciones que te parezcan interesantes (y me los env\u00edas en PDF o d\u00f3nde localizarlos); o si quieres que nos veamos o mantengamos alg\u00fan encuentro con otras personas.<\/p>\n<p>Haremos lo que podamos con todo ello, como una versi\u00f3n 2.1\u2026 y si hay alguna propuesta valiosa, hasta podemos pensar algo\u2026<\/p>\t\t\t\t\t\t\t\t<\/div>\n\t\t\t\t<\/div>\n\t\t\t\t\t<\/div>\n\t\t<\/div>\n\t\t\t\t<div class=\"elementor-column elementor-col-50 elementor-top-column elementor-element elementor-element-2aa68fd\" data-id=\"2aa68fd\" data-element_type=\"column\" data-e-type=\"column\">\n\t\t\t<div class=\"elementor-widget-wrap elementor-element-populated\">\n\t\t\t\t\t\t<div class=\"elementor-element elementor-element-d55dde7 elementor-widget elementor-widget-wpforms\" data-id=\"d55dde7\" data-element_type=\"widget\" data-e-type=\"widget\" data-widget_type=\"wpforms.default\">\n\t\t\t\t<div class=\"elementor-widget-container\">\n\t\t\t\t\t<div class=\"wpforms-container \" id=\"wpforms-13\"><form id=\"wpforms-form-13\" class=\"wpforms-validate wpforms-form wpforms-ajax-form\" data-formid=\"13\" method=\"post\" enctype=\"multipart\/form-data\" action=\"\/index.php?rest_route=%2Fwp%2Fv2%2Fpages%2F655\" data-token=\"54b6a2af1893af84345866f201973183\" data-token-time=\"1776307194\"><noscript class=\"wpforms-error-noscript\">Por favor, activa JavaScript en tu navegador para completar este formulario.<\/noscript><div class=\"wpforms-field-container\"><div id=\"wpforms-13-field_1-container\" class=\"wpforms-field wpforms-field-text\" data-field-id=\"1\"><label class=\"wpforms-field-label wpforms-label-hide\" for=\"wpforms-13-field_1\">Nombre<\/label><input type=\"text\" id=\"wpforms-13-field_1\" class=\"wpforms-field-large\" name=\"wpforms[fields][1]\" placeholder=\"Your Name\" ><\/div><div id=\"wpforms-13-field_2-container\" class=\"wpforms-field wpforms-field-text\" data-field-id=\"2\"><label class=\"wpforms-field-label wpforms-label-hide\" for=\"wpforms-13-field_2\">Correo electr\u00f3nico<\/label><input type=\"text\" id=\"wpforms-13-field_2\" class=\"wpforms-field-large\" name=\"wpforms[fields][2]\" placeholder=\"Email\" ><\/div><div id=\"wpforms-13-field_3-container\" class=\"wpforms-field wpforms-field-text\" data-field-id=\"3\"><label class=\"wpforms-field-label wpforms-label-hide\" for=\"wpforms-13-field_3\">Asunto<\/label><input type=\"text\" id=\"wpforms-13-field_3\" class=\"wpforms-field-large\" name=\"wpforms[fields][3]\" placeholder=\"Subject\" ><\/div><div id=\"wpforms-13-field_4-container\" class=\"wpforms-field wpforms-field-textarea\" data-field-id=\"4\"><label class=\"wpforms-field-label wpforms-label-hide\" for=\"wpforms-13-field_4\">Mensaje<\/label><textarea id=\"wpforms-13-field_4\" class=\"wpforms-field-medium\" name=\"wpforms[fields][4]\" placeholder=\"Message\" ><\/textarea><\/div><\/div><!-- .wpforms-field-container --><div class=\"wpforms-submit-container\" ><input type=\"hidden\" name=\"wpforms[id]\" value=\"13\"><input type=\"hidden\" name=\"page_title\" value=\"\"><input type=\"hidden\" name=\"page_url\" value=\"https:\/\/09400.es\/index.php?rest_route=\/wp\/v2\/pages\/655\"><input type=\"hidden\" name=\"url_referer\" value=\"\"><button type=\"submit\" name=\"wpforms[submit]\" id=\"wpforms-submit-13\" class=\"wpforms-submit\" data-alt-text=\"Enviando\u2026\" data-submit-text=\"Enviar mensaje\" aria-live=\"assertive\" value=\"wpforms-submit\">Enviar mensaje<\/button><img decoding=\"async\" src=\"https:\/\/09400.es\/wp-content\/plugins\/wpforms-lite\/assets\/images\/submit-spin.svg\" class=\"wpforms-submit-spinner\" style=\"display: none;\" width=\"26\" height=\"26\" alt=\"Cargando\"><\/div><\/form><\/div>  <!-- .wpforms-container -->\t\t\t\t<\/div>\n\t\t\t\t<\/div>\n\t\t\t\t\t<\/div>\n\t\t<\/div>\n\t\t\t\t\t<\/div>\n\t\t<\/section>\n\t\t\t\t<\/div>\n\t\t","protected":false},"excerpt":{"rendered":"<p>P\u00e1gina de contacto Puedes enviarme al correo electr\u00f3nico: bernardo@blopezabogado.es Todas las observaciones que te sugieren los libros, as\u00ed como cr\u00edticas, materiales o publicaciones que te parezcan interesantes (y me los env\u00edas en PDF o d\u00f3nde localizarlos); o si quieres que nos veamos o mantengamos alg\u00fan encuentro con otras personas. Haremos lo que podamos con todo [&hellip;]<\/p>\n","protected":false},"author":1,"featured_media":0,"parent":0,"menu_order":0,"comment_status":"closed","ping_status":"closed","template":"","meta":{"site-sidebar-layout":"no-sidebar","site-content-layout":"page-builder","ast-site-content-layout":"full-width-container","site-content-style":"unboxed","site-sidebar-style":"unboxed","ast-global-header-display":"","ast-banner-title-visibility":"","ast-main-header-display":"","ast-hfb-above-header-display":"","ast-hfb-below-header-display":"","ast-hfb-mobile-header-display":"","site-post-title":"disabled","ast-breadcrumbs-content":"","ast-featured-img":"disabled","footer-sml-layout":"","ast-disable-related-posts":"","theme-transparent-header-meta":"","adv-header-id-meta":"","stick-header-meta":"","header-above-stick-meta":"","header-main-stick-meta":"","header-below-stick-meta":"","astra-migrate-meta-layouts":"set","ast-page-background-enabled":"default","ast-page-background-meta":{"desktop":{"background-color":"var(--ast-global-color-4)","background-image":"","background-repeat":"repeat","background-position":"center center","background-size":"auto","background-attachment":"scroll","background-type":"","background-media":"","overlay-type":"","overlay-color":"","overlay-opacity":"","overlay-gradient":""},"tablet":{"background-color":"","background-image":"","background-repeat":"repeat","background-position":"center center","background-size":"auto","background-attachment":"scroll","background-type":"","background-media":"","overlay-type":"","overlay-color":"","overlay-opacity":"","overlay-gradient":""},"mobile":{"background-color":"","background-image":"","background-repeat":"repeat","background-position":"center center","background-size":"auto","background-attachment":"scroll","background-type":"","background-media":"","overlay-type":"","overlay-color":"","overlay-opacity":"","overlay-gradient":""}},"ast-content-background-meta":{"desktop":{"background-color":"var(--ast-global-color-5)","background-image":"","background-repeat":"repeat","background-position":"center center","background-size":"auto","background-attachment":"scroll","background-type":"","background-media":"","overlay-type":"","overlay-color":"","overlay-opacity":"","overlay-gradient":""},"tablet":{"background-color":"var(--ast-global-color-5)","background-image":"","background-repeat":"repeat","background-position":"center center","background-size":"auto","background-attachment":"scroll","background-type":"","background-media":"","overlay-type":"","overlay-color":"","overlay-opacity":"","overlay-gradient":""},"mobile":{"background-color":"var(--ast-global-color-5)","background-image":"","background-repeat":"repeat","background-position":"center center","background-size":"auto","background-attachment":"scroll","background-type":"","background-media":"","overlay-type":"","overlay-color":"","overlay-opacity":"","overlay-gradient":""}},"footnotes":""},"class_list":["post-655","page","type-page","status-publish","hentry"],"yoast_head":"<!-- This site is optimized with the Yoast SEO plugin v27.4 - https:\/\/yoast.com\/product\/yoast-seo-wordpress\/ -->\n<title>Contacto - Bernardo L\u00f3pez, abogado<\/title>\n<meta name=\"robots\" content=\"index, follow, max-snippet:-1, max-image-preview:large, max-video-preview:-1\" \/>\n<link rel=\"canonical\" href=\"https:\/\/09400.es\/?page_id=655\" \/>\n<meta property=\"og:locale\" content=\"es_ES\" \/>\n<meta property=\"og:type\" content=\"article\" \/>\n<meta property=\"og:title\" content=\"Contacto - Bernardo L\u00f3pez, abogado\" \/>\n<meta property=\"og:description\" content=\"P\u00e1gina de contacto Puedes enviarme al correo electr\u00f3nico: bernardo@blopezabogado.es Todas las observaciones que te sugieren los libros, as\u00ed como cr\u00edticas, materiales o publicaciones que te parezcan interesantes (y me los env\u00edas en PDF o d\u00f3nde localizarlos); o si quieres que nos veamos o mantengamos alg\u00fan encuentro con otras personas. Haremos lo que podamos con todo [&hellip;]\" \/>\n<meta property=\"og:url\" content=\"https:\/\/09400.es\/?page_id=655\" \/>\n<meta property=\"og:site_name\" content=\"Bernardo L\u00f3pez, abogado\" \/>\n<meta property=\"article:modified_time\" content=\"2026-03-08T22:47:39+00:00\" \/>\n<meta property=\"og:image\" content=\"https:\/\/09400.es\/wp-content\/plugins\/wpforms-lite\/assets\/images\/submit-spin.svg\" \/>\n<meta name=\"twitter:card\" content=\"summary_large_image\" \/>\n<meta name=\"twitter:label1\" content=\"Tiempo de lectura\" \/>\n\t<meta name=\"twitter:data1\" content=\"1 minuto\" \/>\n<script type=\"application\/ld+json\" class=\"yoast-schema-graph\">{\"@context\":\"https:\\\/\\\/schema.org\",\"@graph\":[{\"@type\":\"WebPage\",\"@id\":\"https:\\\/\\\/09400.es\\\/?page_id=655\",\"url\":\"https:\\\/\\\/09400.es\\\/?page_id=655\",\"name\":\"Contacto - Bernardo L\u00f3pez, abogado\",\"isPartOf\":{\"@id\":\"https:\\\/\\\/09400.es\\\/#website\"},\"primaryImageOfPage\":{\"@id\":\"https:\\\/\\\/09400.es\\\/?page_id=655#primaryimage\"},\"image\":{\"@id\":\"https:\\\/\\\/09400.es\\\/?page_id=655#primaryimage\"},\"thumbnailUrl\":\"https:\\\/\\\/09400.es\\\/wp-content\\\/plugins\\\/wpforms-lite\\\/assets\\\/images\\\/submit-spin.svg\",\"datePublished\":\"2023-03-21T01:01:59+00:00\",\"dateModified\":\"2026-03-08T22:47:39+00:00\",\"breadcrumb\":{\"@id\":\"https:\\\/\\\/09400.es\\\/?page_id=655#breadcrumb\"},\"inLanguage\":\"es\",\"potentialAction\":[{\"@type\":\"ReadAction\",\"target\":[\"https:\\\/\\\/09400.es\\\/?page_id=655\"]}]},{\"@type\":\"ImageObject\",\"inLanguage\":\"es\",\"@id\":\"https:\\\/\\\/09400.es\\\/?page_id=655#primaryimage\",\"url\":\"https:\\\/\\\/09400.es\\\/wp-content\\\/plugins\\\/wpforms-lite\\\/assets\\\/images\\\/submit-spin.svg\",\"contentUrl\":\"https:\\\/\\\/09400.es\\\/wp-content\\\/plugins\\\/wpforms-lite\\\/assets\\\/images\\\/submit-spin.svg\"},{\"@type\":\"BreadcrumbList\",\"@id\":\"https:\\\/\\\/09400.es\\\/?page_id=655#breadcrumb\",\"itemListElement\":[{\"@type\":\"ListItem\",\"position\":1,\"name\":\"Portada\",\"item\":\"https:\\\/\\\/09400.es\\\/\"},{\"@type\":\"ListItem\",\"position\":2,\"name\":\"Contacto\"}]},{\"@type\":\"WebSite\",\"@id\":\"https:\\\/\\\/09400.es\\\/#website\",\"url\":\"https:\\\/\\\/09400.es\\\/\",\"name\":\"Bernardo L\u00f3pez, abogado\",\"description\":\"\u00bfDe Aranda y lloras?\",\"publisher\":{\"@id\":\"https:\\\/\\\/09400.es\\\/#\\\/schema\\\/person\\\/d187163ff72c9d75c4dfd5c94a819537\"},\"potentialAction\":[{\"@type\":\"SearchAction\",\"target\":{\"@type\":\"EntryPoint\",\"urlTemplate\":\"https:\\\/\\\/09400.es\\\/?s={search_term_string}\"},\"query-input\":{\"@type\":\"PropertyValueSpecification\",\"valueRequired\":true,\"valueName\":\"search_term_string\"}}],\"inLanguage\":\"es\"},{\"@type\":[\"Person\",\"Organization\"],\"@id\":\"https:\\\/\\\/09400.es\\\/#\\\/schema\\\/person\\\/d187163ff72c9d75c4dfd5c94a819537\",\"name\":\"bernardo.lopez\",\"image\":{\"@type\":\"ImageObject\",\"inLanguage\":\"es\",\"@id\":\"https:\\\/\\\/i0.wp.com\\\/09400.es\\\/wp-content\\\/uploads\\\/2022\\\/02\\\/Captura-de-pantalla-2023-03-26-a-las-18.44.13.png?fit=1576%2C436&ssl=1\",\"url\":\"https:\\\/\\\/i0.wp.com\\\/09400.es\\\/wp-content\\\/uploads\\\/2022\\\/02\\\/Captura-de-pantalla-2023-03-26-a-las-18.44.13.png?fit=1576%2C436&ssl=1\",\"contentUrl\":\"https:\\\/\\\/i0.wp.com\\\/09400.es\\\/wp-content\\\/uploads\\\/2022\\\/02\\\/Captura-de-pantalla-2023-03-26-a-las-18.44.13.png?fit=1576%2C436&ssl=1\",\"width\":1576,\"height\":436,\"caption\":\"bernardo.lopez\"},\"logo\":{\"@id\":\"https:\\\/\\\/i0.wp.com\\\/09400.es\\\/wp-content\\\/uploads\\\/2022\\\/02\\\/Captura-de-pantalla-2023-03-26-a-las-18.44.13.png?fit=1576%2C436&ssl=1\"},\"sameAs\":[\"https:\\\/\\\/09400.es\"]}]}<\/script>\n<!-- \/ Yoast SEO plugin. -->","yoast_head_json":{"title":"Contacto - Bernardo L\u00f3pez, abogado","robots":{"index":"index","follow":"follow","max-snippet":"max-snippet:-1","max-image-preview":"max-image-preview:large","max-video-preview":"max-video-preview:-1"},"canonical":"https:\/\/09400.es\/?page_id=655","og_locale":"es_ES","og_type":"article","og_title":"Contacto - Bernardo L\u00f3pez, abogado","og_description":"P\u00e1gina de contacto Puedes enviarme al correo electr\u00f3nico: bernardo@blopezabogado.es Todas las observaciones que te sugieren los libros, as\u00ed como cr\u00edticas, materiales o publicaciones que te parezcan interesantes (y me los env\u00edas en PDF o d\u00f3nde localizarlos); o si quieres que nos veamos o mantengamos alg\u00fan encuentro con otras personas. Haremos lo que podamos con todo [&hellip;]","og_url":"https:\/\/09400.es\/?page_id=655","og_site_name":"Bernardo L\u00f3pez, abogado","article_modified_time":"2026-03-08T22:47:39+00:00","og_image":[{"url":"https:\/\/09400.es\/wp-content\/plugins\/wpforms-lite\/assets\/images\/submit-spin.svg","type":"","width":"","height":""}],"twitter_card":"summary_large_image","twitter_misc":{"Tiempo de lectura":"1 minuto"},"schema":{"@context":"https:\/\/schema.org","@graph":[{"@type":"WebPage","@id":"https:\/\/09400.es\/?page_id=655","url":"https:\/\/09400.es\/?page_id=655","name":"Contacto - Bernardo L\u00f3pez, abogado","isPartOf":{"@id":"https:\/\/09400.es\/#website"},"primaryImageOfPage":{"@id":"https:\/\/09400.es\/?page_id=655#primaryimage"},"image":{"@id":"https:\/\/09400.es\/?page_id=655#primaryimage"},"thumbnailUrl":"https:\/\/09400.es\/wp-content\/plugins\/wpforms-lite\/assets\/images\/submit-spin.svg","datePublished":"2023-03-21T01:01:59+00:00","dateModified":"2026-03-08T22:47:39+00:00","breadcrumb":{"@id":"https:\/\/09400.es\/?page_id=655#breadcrumb"},"inLanguage":"es","potentialAction":[{"@type":"ReadAction","target":["https:\/\/09400.es\/?page_id=655"]}]},{"@type":"ImageObject","inLanguage":"es","@id":"https:\/\/09400.es\/?page_id=655#primaryimage","url":"https:\/\/09400.es\/wp-content\/plugins\/wpforms-lite\/assets\/images\/submit-spin.svg","contentUrl":"https:\/\/09400.es\/wp-content\/plugins\/wpforms-lite\/assets\/images\/submit-spin.svg"},{"@type":"BreadcrumbList","@id":"https:\/\/09400.es\/?page_id=655#breadcrumb","itemListElement":[{"@type":"ListItem","position":1,"name":"Portada","item":"https:\/\/09400.es\/"},{"@type":"ListItem","position":2,"name":"Contacto"}]},{"@type":"WebSite","@id":"https:\/\/09400.es\/#website","url":"https:\/\/09400.es\/","name":"Bernardo L\u00f3pez, abogado","description":"\u00bfDe Aranda y lloras?","publisher":{"@id":"https:\/\/09400.es\/#\/schema\/person\/d187163ff72c9d75c4dfd5c94a819537"},"potentialAction":[{"@type":"SearchAction","target":{"@type":"EntryPoint","urlTemplate":"https:\/\/09400.es\/?s={search_term_string}"},"query-input":{"@type":"PropertyValueSpecification","valueRequired":true,"valueName":"search_term_string"}}],"inLanguage":"es"},{"@type":["Person","Organization"],"@id":"https:\/\/09400.es\/#\/schema\/person\/d187163ff72c9d75c4dfd5c94a819537","name":"bernardo.lopez","image":{"@type":"ImageObject","inLanguage":"es","@id":"https:\/\/i0.wp.com\/09400.es\/wp-content\/uploads\/2022\/02\/Captura-de-pantalla-2023-03-26-a-las-18.44.13.png?fit=1576%2C436&ssl=1","url":"https:\/\/i0.wp.com\/09400.es\/wp-content\/uploads\/2022\/02\/Captura-de-pantalla-2023-03-26-a-las-18.44.13.png?fit=1576%2C436&ssl=1","contentUrl":"https:\/\/i0.wp.com\/09400.es\/wp-content\/uploads\/2022\/02\/Captura-de-pantalla-2023-03-26-a-las-18.44.13.png?fit=1576%2C436&ssl=1","width":1576,"height":436,"caption":"bernardo.lopez"},"logo":{"@id":"https:\/\/i0.wp.com\/09400.es\/wp-content\/uploads\/2022\/02\/Captura-de-pantalla-2023-03-26-a-las-18.44.13.png?fit=1576%2C436&ssl=1"},"sameAs":["https:\/\/09400.es"]}]}},"jetpack_sharing_enabled":true,"_links":{"self":[{"href":"https:\/\/09400.es\/index.php?rest_route=\/wp\/v2\/pages\/655","targetHints":{"allow":["GET"]}}],"collection":[{"href":"https:\/\/09400.es\/index.php?rest_route=\/wp\/v2\/pages"}],"about":[{"href":"https:\/\/09400.es\/index.php?rest_route=\/wp\/v2\/types\/page"}],"author":[{"embeddable":true,"href":"https:\/\/09400.es\/index.php?rest_route=\/wp\/v2\/users\/1"}],"replies":[{"embeddable":true,"href":"https:\/\/09400.es\/index.php?rest_route=%2Fwp%2Fv2%2Fcomments&post=655"}],"version-history":[{"count":15,"href":"https:\/\/09400.es\/index.php?rest_route=\/wp\/v2\/pages\/655\/revisions"}],"predecessor-version":[{"id":891,"href":"https:\/\/09400.es\/index.php?rest_route=\/wp\/v2\/pages\/655\/revisions\/891"}],"wp:attachment":[{"href":"https:\/\/09400.es\/index.php?rest_route=%2Fwp%2Fv2%2Fmedia&parent=655"}],"curies":[{"name":"wp","href":"https:\/\/api.w.org\/{rel}","templated":true}]}}