{"id":904,"date":"2026-03-16T22:29:59","date_gmt":"2026-03-16T21:29:59","guid":{"rendered":"https:\/\/09400.es\/?page_id=904"},"modified":"2026-03-16T22:30:00","modified_gmt":"2026-03-16T21:30:00","slug":"la-huelga-de-michelin-en-aranda-de-duero-en-1976","status":"publish","type":"page","link":"https:\/\/09400.es\/?page_id=904","title":{"rendered":"La huelga de Michel\u00edn en Aranda de Duero en 1976"},"content":{"rendered":"\n<div class=\"wp-block-columns is-layout-flex wp-container-core-columns-is-layout-28f84493 wp-block-columns-is-layout-flex\">\n<div class=\"wp-block-column is-layout-flow wp-block-column-is-layout-flow\">\n<figure class=\"wp-block-image size-large\"><img data-recalc-dims=\"1\" fetchpriority=\"high\" decoding=\"async\" width=\"712\" height=\"1024\" src=\"https:\/\/i0.wp.com\/09400.es\/wp-content\/uploads\/2026\/03\/portada-todos-o-ninguno.png?resize=712%2C1024&#038;ssl=1\" alt=\"\" class=\"wp-image-866\" srcset=\"https:\/\/i0.wp.com\/09400.es\/wp-content\/uploads\/2026\/03\/portada-todos-o-ninguno.png?resize=712%2C1024&amp;ssl=1 712w, https:\/\/i0.wp.com\/09400.es\/wp-content\/uploads\/2026\/03\/portada-todos-o-ninguno.png?resize=209%2C300&amp;ssl=1 209w, https:\/\/i0.wp.com\/09400.es\/wp-content\/uploads\/2026\/03\/portada-todos-o-ninguno.png?resize=768%2C1105&amp;ssl=1 768w, https:\/\/i0.wp.com\/09400.es\/wp-content\/uploads\/2026\/03\/portada-todos-o-ninguno.png?w=890&amp;ssl=1 890w\" sizes=\"(max-width: 712px) 100vw, 712px\" \/><\/figure>\n<\/div>\n\n\n\n<div class=\"wp-block-column is-layout-flow wp-block-column-is-layout-flow\">\n<p><em>\u00abTodos o ninguno\u00bb<\/em><\/p>\n\n\n\n<p>La huelga de Michel\u00edn de Aranda de Duero entre febrero y mayo de 1976, contada por los trabajadores.<\/p>\n\n\n\n<p>Antecedentes, cronolog\u00eda y conclusiones de una huelga de noventa d\u00edas<\/p>\n\n\n\n<p><a href=\"https:\/\/09400.es\/wp-content\/uploads\/2026\/03\/Extracto-Todos-o-ninguno.-La-huelga-de-Michelin-de-Aranda-de-Duero-entre-febrero-y-mayo-de-1976-contada-por-los-trabajadores.pdf\">\u00cdndice del libro y de fotograf\u00edas<\/a><\/p>\n<\/div>\n<\/div>\n\n\n\n<p><\/p>\n","protected":false},"excerpt":{"rendered":"<p>\u00abTodos o ninguno\u00bb La huelga de Michel\u00edn de Aranda de Duero entre febrero y mayo de 1976, contada por los trabajadores. Antecedentes, cronolog\u00eda y conclusiones de una huelga de noventa d\u00edas \u00cdndice del libro y de fotograf\u00edas<\/p>\n","protected":false},"author":1,"featured_media":0,"parent":0,"menu_order":0,"comment_status":"closed","ping_status":"closed","template":"","meta":{"site-sidebar-layout":"default","site-content-layout":"","ast-site-content-layout":"default","site-content-style":"default","site-sidebar-style":"default","ast-global-header-display":"","ast-banner-title-visibility":"","ast-main-header-display":"","ast-hfb-above-header-display":"","ast-hfb-below-header-display":"","ast-hfb-mobile-header-display":"","site-post-title":"","ast-breadcrumbs-content":"","ast-featured-img":"","footer-sml-layout":"","ast-disable-related-posts":"","theme-transparent-header-meta":"","adv-header-id-meta":"","stick-header-meta":"","header-above-stick-meta":"","header-main-stick-meta":"","header-below-stick-meta":"","astra-migrate-meta-layouts":"set","ast-page-background-enabled":"default","ast-page-background-meta":{"desktop":{"background-color":"var(--ast-global-color-4)","background-image":"","background-repeat":"repeat","background-position":"center center","background-size":"auto","background-attachment":"scroll","background-type":"","background-media":"","overlay-type":"","overlay-color":"","overlay-opacity":"","overlay-gradient":""},"tablet":{"background-color":"","background-image":"","background-repeat":"repeat","background-position":"center center","background-size":"auto","background-attachment":"scroll","background-type":"","background-media":"","overlay-type":"","overlay-color":"","overlay-opacity":"","overlay-gradient":""},"mobile":{"background-color":"","background-image":"","background-repeat":"repeat","background-position":"center center","background-size":"auto","background-attachment":"scroll","background-type":"","background-media":"","overlay-type":"","overlay-color":"","overlay-opacity":"","overlay-gradient":""}},"ast-content-background-meta":{"desktop":{"background-color":"var(--ast-global-color-5)","background-image":"","background-repeat":"repeat","background-position":"center center","background-size":"auto","background-attachment":"scroll","background-type":"","background-media":"","overlay-type":"","overlay-color":"","overlay-opacity":"","overlay-gradient":""},"tablet":{"background-color":"var(--ast-global-color-5)","background-image":"","background-repeat":"repeat","background-position":"center center","background-size":"auto","background-attachment":"scroll","background-type":"","background-media":"","overlay-type":"","overlay-color":"","overlay-opacity":"","overlay-gradient":""},"mobile":{"background-color":"var(--ast-global-color-5)","background-image":"","background-repeat":"repeat","background-position":"center center","background-size":"auto","background-attachment":"scroll","background-type":"","background-media":"","overlay-type":"","overlay-color":"","overlay-opacity":"","overlay-gradient":""}},"footnotes":""},"class_list":["post-904","page","type-page","status-publish","hentry"],"yoast_head":"<!-- This site is optimized with the Yoast SEO plugin v27.3 - https:\/\/yoast.com\/product\/yoast-seo-wordpress\/ -->\n<title>La huelga de Michel\u00edn en Aranda de Duero en 1976 - Bernardo L\u00f3pez, abogado<\/title>\n<meta name=\"robots\" content=\"index, follow, max-snippet:-1, max-image-preview:large, max-video-preview:-1\" \/>\n<link rel=\"canonical\" href=\"https:\/\/09400.es\/?page_id=904\" \/>\n<meta property=\"og:locale\" content=\"es_ES\" \/>\n<meta property=\"og:type\" content=\"article\" \/>\n<meta property=\"og:title\" content=\"La huelga de Michel\u00edn en Aranda de Duero en 1976 - Bernardo L\u00f3pez, abogado\" \/>\n<meta property=\"og:description\" content=\"\u00abTodos o ninguno\u00bb La huelga de Michel\u00edn de Aranda de Duero entre febrero y mayo de 1976, contada por los trabajadores. Antecedentes, cronolog\u00eda y conclusiones de una huelga de noventa d\u00edas \u00cdndice del libro y de fotograf\u00edas\" \/>\n<meta property=\"og:url\" content=\"https:\/\/09400.es\/?page_id=904\" \/>\n<meta property=\"og:site_name\" content=\"Bernardo L\u00f3pez, abogado\" \/>\n<meta property=\"article:modified_time\" content=\"2026-03-16T21:30:00+00:00\" \/>\n<meta property=\"og:image\" content=\"https:\/\/09400.es\/wp-content\/uploads\/2026\/03\/portada-todos-o-ninguno-712x1024.png\" \/>\n<meta name=\"twitter:card\" content=\"summary_large_image\" \/>\n<meta name=\"twitter:label1\" content=\"Tiempo de lectura\" \/>\n\t<meta name=\"twitter:data1\" content=\"1 minuto\" \/>\n<script type=\"application\/ld+json\" class=\"yoast-schema-graph\">{\"@context\":\"https:\\\/\\\/schema.org\",\"@graph\":[{\"@type\":\"WebPage\",\"@id\":\"https:\\\/\\\/09400.es\\\/?page_id=904\",\"url\":\"https:\\\/\\\/09400.es\\\/?page_id=904\",\"name\":\"La huelga de Michel\u00edn en Aranda de Duero en 1976 - Bernardo L\u00f3pez, abogado\",\"isPartOf\":{\"@id\":\"https:\\\/\\\/09400.es\\\/#website\"},\"primaryImageOfPage\":{\"@id\":\"https:\\\/\\\/09400.es\\\/?page_id=904#primaryimage\"},\"image\":{\"@id\":\"https:\\\/\\\/09400.es\\\/?page_id=904#primaryimage\"},\"thumbnailUrl\":\"https:\\\/\\\/09400.es\\\/wp-content\\\/uploads\\\/2026\\\/03\\\/portada-todos-o-ninguno-712x1024.png\",\"datePublished\":\"2026-03-16T21:29:59+00:00\",\"dateModified\":\"2026-03-16T21:30:00+00:00\",\"breadcrumb\":{\"@id\":\"https:\\\/\\\/09400.es\\\/?page_id=904#breadcrumb\"},\"inLanguage\":\"es\",\"potentialAction\":[{\"@type\":\"ReadAction\",\"target\":[\"https:\\\/\\\/09400.es\\\/?page_id=904\"]}]},{\"@type\":\"ImageObject\",\"inLanguage\":\"es\",\"@id\":\"https:\\\/\\\/09400.es\\\/?page_id=904#primaryimage\",\"url\":\"https:\\\/\\\/i0.wp.com\\\/09400.es\\\/wp-content\\\/uploads\\\/2026\\\/03\\\/portada-todos-o-ninguno.png?fit=890%2C1280&ssl=1\",\"contentUrl\":\"https:\\\/\\\/i0.wp.com\\\/09400.es\\\/wp-content\\\/uploads\\\/2026\\\/03\\\/portada-todos-o-ninguno.png?fit=890%2C1280&ssl=1\",\"width\":890,\"height\":1280},{\"@type\":\"BreadcrumbList\",\"@id\":\"https:\\\/\\\/09400.es\\\/?page_id=904#breadcrumb\",\"itemListElement\":[{\"@type\":\"ListItem\",\"position\":1,\"name\":\"Portada\",\"item\":\"https:\\\/\\\/09400.es\\\/\"},{\"@type\":\"ListItem\",\"position\":2,\"name\":\"La huelga de Michel\u00edn en Aranda de Duero en 1976\"}]},{\"@type\":\"WebSite\",\"@id\":\"https:\\\/\\\/09400.es\\\/#website\",\"url\":\"https:\\\/\\\/09400.es\\\/\",\"name\":\"Bernardo L\u00f3pez, abogado\",\"description\":\"\u00bfDe Aranda y lloras?\",\"publisher\":{\"@id\":\"https:\\\/\\\/09400.es\\\/#\\\/schema\\\/person\\\/d187163ff72c9d75c4dfd5c94a819537\"},\"potentialAction\":[{\"@type\":\"SearchAction\",\"target\":{\"@type\":\"EntryPoint\",\"urlTemplate\":\"https:\\\/\\\/09400.es\\\/?s={search_term_string}\"},\"query-input\":{\"@type\":\"PropertyValueSpecification\",\"valueRequired\":true,\"valueName\":\"search_term_string\"}}],\"inLanguage\":\"es\"},{\"@type\":[\"Person\",\"Organization\"],\"@id\":\"https:\\\/\\\/09400.es\\\/#\\\/schema\\\/person\\\/d187163ff72c9d75c4dfd5c94a819537\",\"name\":\"bernardo.lopez\",\"image\":{\"@type\":\"ImageObject\",\"inLanguage\":\"es\",\"@id\":\"https:\\\/\\\/i0.wp.com\\\/09400.es\\\/wp-content\\\/uploads\\\/2022\\\/02\\\/Captura-de-pantalla-2023-03-26-a-las-18.44.13.png?fit=1576%2C436&ssl=1\",\"url\":\"https:\\\/\\\/i0.wp.com\\\/09400.es\\\/wp-content\\\/uploads\\\/2022\\\/02\\\/Captura-de-pantalla-2023-03-26-a-las-18.44.13.png?fit=1576%2C436&ssl=1\",\"contentUrl\":\"https:\\\/\\\/i0.wp.com\\\/09400.es\\\/wp-content\\\/uploads\\\/2022\\\/02\\\/Captura-de-pantalla-2023-03-26-a-las-18.44.13.png?fit=1576%2C436&ssl=1\",\"width\":1576,\"height\":436,\"caption\":\"bernardo.lopez\"},\"logo\":{\"@id\":\"https:\\\/\\\/i0.wp.com\\\/09400.es\\\/wp-content\\\/uploads\\\/2022\\\/02\\\/Captura-de-pantalla-2023-03-26-a-las-18.44.13.png?fit=1576%2C436&ssl=1\"},\"sameAs\":[\"https:\\\/\\\/09400.es\"]}]}<\/script>\n<!-- \/ Yoast SEO plugin. -->","yoast_head_json":{"title":"La huelga de Michel\u00edn en Aranda de Duero en 1976 - Bernardo L\u00f3pez, abogado","robots":{"index":"index","follow":"follow","max-snippet":"max-snippet:-1","max-image-preview":"max-image-preview:large","max-video-preview":"max-video-preview:-1"},"canonical":"https:\/\/09400.es\/?page_id=904","og_locale":"es_ES","og_type":"article","og_title":"La huelga de Michel\u00edn en Aranda de Duero en 1976 - Bernardo L\u00f3pez, abogado","og_description":"\u00abTodos o ninguno\u00bb La huelga de Michel\u00edn de Aranda de Duero entre febrero y mayo de 1976, contada por los trabajadores. Antecedentes, cronolog\u00eda y conclusiones de una huelga de noventa d\u00edas \u00cdndice del libro y de fotograf\u00edas","og_url":"https:\/\/09400.es\/?page_id=904","og_site_name":"Bernardo L\u00f3pez, abogado","article_modified_time":"2026-03-16T21:30:00+00:00","og_image":[{"url":"https:\/\/09400.es\/wp-content\/uploads\/2026\/03\/portada-todos-o-ninguno-712x1024.png","type":"","width":"","height":""}],"twitter_card":"summary_large_image","twitter_misc":{"Tiempo de lectura":"1 minuto"},"schema":{"@context":"https:\/\/schema.org","@graph":[{"@type":"WebPage","@id":"https:\/\/09400.es\/?page_id=904","url":"https:\/\/09400.es\/?page_id=904","name":"La huelga de Michel\u00edn en Aranda de Duero en 1976 - Bernardo L\u00f3pez, abogado","isPartOf":{"@id":"https:\/\/09400.es\/#website"},"primaryImageOfPage":{"@id":"https:\/\/09400.es\/?page_id=904#primaryimage"},"image":{"@id":"https:\/\/09400.es\/?page_id=904#primaryimage"},"thumbnailUrl":"https:\/\/09400.es\/wp-content\/uploads\/2026\/03\/portada-todos-o-ninguno-712x1024.png","datePublished":"2026-03-16T21:29:59+00:00","dateModified":"2026-03-16T21:30:00+00:00","breadcrumb":{"@id":"https:\/\/09400.es\/?page_id=904#breadcrumb"},"inLanguage":"es","potentialAction":[{"@type":"ReadAction","target":["https:\/\/09400.es\/?page_id=904"]}]},{"@type":"ImageObject","inLanguage":"es","@id":"https:\/\/09400.es\/?page_id=904#primaryimage","url":"https:\/\/i0.wp.com\/09400.es\/wp-content\/uploads\/2026\/03\/portada-todos-o-ninguno.png?fit=890%2C1280&ssl=1","contentUrl":"https:\/\/i0.wp.com\/09400.es\/wp-content\/uploads\/2026\/03\/portada-todos-o-ninguno.png?fit=890%2C1280&ssl=1","width":890,"height":1280},{"@type":"BreadcrumbList","@id":"https:\/\/09400.es\/?page_id=904#breadcrumb","itemListElement":[{"@type":"ListItem","position":1,"name":"Portada","item":"https:\/\/09400.es\/"},{"@type":"ListItem","position":2,"name":"La huelga de Michel\u00edn en Aranda de Duero en 1976"}]},{"@type":"WebSite","@id":"https:\/\/09400.es\/#website","url":"https:\/\/09400.es\/","name":"Bernardo L\u00f3pez, abogado","description":"\u00bfDe Aranda y lloras?","publisher":{"@id":"https:\/\/09400.es\/#\/schema\/person\/d187163ff72c9d75c4dfd5c94a819537"},"potentialAction":[{"@type":"SearchAction","target":{"@type":"EntryPoint","urlTemplate":"https:\/\/09400.es\/?s={search_term_string}"},"query-input":{"@type":"PropertyValueSpecification","valueRequired":true,"valueName":"search_term_string"}}],"inLanguage":"es"},{"@type":["Person","Organization"],"@id":"https:\/\/09400.es\/#\/schema\/person\/d187163ff72c9d75c4dfd5c94a819537","name":"bernardo.lopez","image":{"@type":"ImageObject","inLanguage":"es","@id":"https:\/\/i0.wp.com\/09400.es\/wp-content\/uploads\/2022\/02\/Captura-de-pantalla-2023-03-26-a-las-18.44.13.png?fit=1576%2C436&ssl=1","url":"https:\/\/i0.wp.com\/09400.es\/wp-content\/uploads\/2022\/02\/Captura-de-pantalla-2023-03-26-a-las-18.44.13.png?fit=1576%2C436&ssl=1","contentUrl":"https:\/\/i0.wp.com\/09400.es\/wp-content\/uploads\/2022\/02\/Captura-de-pantalla-2023-03-26-a-las-18.44.13.png?fit=1576%2C436&ssl=1","width":1576,"height":436,"caption":"bernardo.lopez"},"logo":{"@id":"https:\/\/i0.wp.com\/09400.es\/wp-content\/uploads\/2022\/02\/Captura-de-pantalla-2023-03-26-a-las-18.44.13.png?fit=1576%2C436&ssl=1"},"sameAs":["https:\/\/09400.es"]}]}},"jetpack_sharing_enabled":true,"_links":{"self":[{"href":"https:\/\/09400.es\/index.php?rest_route=\/wp\/v2\/pages\/904","targetHints":{"allow":["GET"]}}],"collection":[{"href":"https:\/\/09400.es\/index.php?rest_route=\/wp\/v2\/pages"}],"about":[{"href":"https:\/\/09400.es\/index.php?rest_route=\/wp\/v2\/types\/page"}],"author":[{"embeddable":true,"href":"https:\/\/09400.es\/index.php?rest_route=\/wp\/v2\/users\/1"}],"replies":[{"embeddable":true,"href":"https:\/\/09400.es\/index.php?rest_route=%2Fwp%2Fv2%2Fcomments&post=904"}],"version-history":[{"count":1,"href":"https:\/\/09400.es\/index.php?rest_route=\/wp\/v2\/pages\/904\/revisions"}],"predecessor-version":[{"id":905,"href":"https:\/\/09400.es\/index.php?rest_route=\/wp\/v2\/pages\/904\/revisions\/905"}],"wp:attachment":[{"href":"https:\/\/09400.es\/index.php?rest_route=%2Fwp%2Fv2%2Fmedia&parent=904"}],"curies":[{"name":"wp","href":"https:\/\/api.w.org\/{rel}","templated":true}]}}